{"id":1446,"date":"2023-04-25T18:04:08","date_gmt":"2023-04-25T16:04:08","guid":{"rendered":"https:\/\/www.villapergola.fr\/?page_id=1446"},"modified":"2023-04-25T18:04:09","modified_gmt":"2023-04-25T16:04:09","slug":"termes-et-conditions","status":"publish","type":"page","link":"https:\/\/villapergola.fr\/en\/termes-et-conditions\/","title":{"rendered":"Terms and Conditions"},"content":{"rendered":"<h2>\n\t<strong>\n\t\t TERRE ET SOURCE PROVENCE SAS\n\t<\/strong>\n<\/h2>\n<p>\n\tVILLA PERGOLA \u2013 D560\n<\/p>\n<p>\n\t5, RIQUIOU CAMP ROAD\n<\/p>\n<p>\n\t83690 SALERNES\n<\/p>\n<p>\n\tSIREN: 908 569 551\n<\/p>\n<p>\n\tHead office SIRET number: 908 569 551 00017\n<\/p>\n<h2>\n\t<strong>\n\t\t Purpose and scope:\n\t<\/strong>\n<\/h2>\n<p>\n\tThese general terms and conditions of sale (GTC) form the basis of commercial negotiation and are systematically sent or given to each buyer to enable them to make their reservation.\n<\/p>\n<p>\n\tThe general terms and conditions of sale described below detail the rights and obligations of the company Terre et Source Provence SAS and its client in the context of the tourist booking of one of the g\u00eetes put into operation by the company Terre et Source Provence SAS.\u00a0\n<\/p>\n<p>\n\tAny acceptance of the reservation, including the clause &quot;I acknowledge having read and I accept the general terms and conditions of sale attached hereto&quot;, implies the buyer&#039;s unreserved acceptance of these general terms and conditions of sale.\n<\/p>\n<h3>\n\t<strong>\n\t\t Price :\n\t<\/strong>\n<\/h3>\n<p>\n\tThe rental prices for the furnished tourist accommodation are those in effect on the day of the client&#039;s arrival. They are quoted in euros, and the tourist tax is calculated at the time of booking. Consequently, they will be increased by the applicable VAT rate and transportation costs on the date of the order.\n<\/p>\n<p>\n\tTerre et Source Provence SAS reserves the right to modify its prices at any time. However, it undertakes to charge for reservations at the price indicated at the time of booking.\n<\/p>\n<h3>\n\t<strong>\n\t\t Discount:\n\t<\/strong>\n<\/h3>\n<p>\n\tNo discount will be given for early payment.\n<\/p>\n<h3>\n\t<strong>\n\t\t Payment methods:\n\t<\/strong>\n<\/h3>\n<p>\n\tPayment for tourist reservations is made:\n<\/p>\n<ul>\n\t<li>\n\t\teither by bank card; ;\n\t<\/li>\n\t<li>\n\t\teither by bank transfer to the account opened in the company&#039;s name\u00a0\n\t<\/li>\n<\/ul>\n<p>\n\tPayments will be made under the following conditions:\n<\/p>\n<p>\n\tFull payment is required at the time of booking and the booking will be effective upon receipt of full payment.\u00a0\n<\/p>\n<p>\n\tCancellation and refund conditions:\u00a0\n<\/p>\n<ul>\n\t<li>\n\t\tIf the cancellation takes place more than 80 days before the booking date, a full refund will be given.\u00a0\n\t<\/li>\n<\/ul>\n<ul>\n\t<li>\n\t\tIf the cancellation takes place between 80 and 60 days before the booking date, a refund of 50 % will be issued.\n\t<\/li>\n<\/ul>\n<ul>\n\t<li>\n\t\tIf the cancellation takes place less than 60 days before the booking date, no refund will be given.\n\t<\/li>\n<\/ul>\n<h2>\n\t<strong>\n\t\t Force majeure:\n\t<\/strong>\n<\/h2>\n<p>\n\tTerre et Source Provence SAS shall not be held liable for any failure to perform or delay in performing any of its obligations under these terms and conditions of sale if such failure or delay is due to force majeure. For the purposes of this clause, force majeure shall mean any external, unforeseeable, and irresistible event as defined in Article 1148 of the French Civil Code.\n<\/p>\n<h2>\n\t<strong>\n\t\t Competent court:\n\t<\/strong>\n<\/h2>\n<p>\n\tAny dispute relating to the interpretation and execution of these general terms and conditions of sale shall be subject to French law.\n<\/p>\n<p>\n\tIn the absence of an amicable resolution, the dispute will be brought before the Commercial Court of Draguignan.\n<\/p>","protected":false},"excerpt":{"rendered":"<p>TERRE ET SOURCE PROVENCE\u00a0 SAS VILLA PERGOLA &#8211; D560 5, CHEMIN DU CAMP DE RIQUIOU 83690 SALERNES SIREN\u00a0: 908 569 551 SIRET du si\u00e8ge\u00a0: 908 569 551 00017 Objet et champ d&rsquo;application\u00a0: Les pr\u00e9sentes conditions g\u00e9n\u00e9rales de vente (CGV) constituent le socle de la n\u00e9gociation commerciale et sont syst\u00e9matiquement adress\u00e9es ou remises \u00e0 chaque acheteur [&hellip;]<\/p>","protected":false},"author":1,"featured_media":0,"parent":0,"menu_order":0,"comment_status":"closed","ping_status":"closed","template":"","meta":{"_et_pb_use_builder":"","_et_pb_old_content":"","_et_gb_content_width":"","footnotes":""},"class_list":["post-1446","page","type-page","status-publish","hentry"],"_links":{"self":[{"href":"https:\/\/villapergola.fr\/en\/wp-json\/wp\/v2\/pages\/1446","targetHints":{"allow":["GET"]}}],"collection":[{"href":"https:\/\/villapergola.fr\/en\/wp-json\/wp\/v2\/pages"}],"about":[{"href":"https:\/\/villapergola.fr\/en\/wp-json\/wp\/v2\/types\/page"}],"author":[{"embeddable":true,"href":"https:\/\/villapergola.fr\/en\/wp-json\/wp\/v2\/users\/1"}],"replies":[{"embeddable":true,"href":"https:\/\/villapergola.fr\/en\/wp-json\/wp\/v2\/comments?post=1446"}],"version-history":[{"count":1,"href":"https:\/\/villapergola.fr\/en\/wp-json\/wp\/v2\/pages\/1446\/revisions"}],"predecessor-version":[{"id":1447,"href":"https:\/\/villapergola.fr\/en\/wp-json\/wp\/v2\/pages\/1446\/revisions\/1447"}],"wp:attachment":[{"href":"https:\/\/villapergola.fr\/en\/wp-json\/wp\/v2\/media?parent=1446"}],"curies":[{"name":"wp","href":"https:\/\/api.w.org\/{rel}","templated":true}]}}